{"id":476,"date":"2024-01-20T06:28:00","date_gmt":"2024-01-20T06:28:00","guid":{"rendered":"https:\/\/agranitrading.com\/site\/?page_id=476"},"modified":"2024-01-20T06:28:00","modified_gmt":"2024-01-20T06:28:00","slug":"tresemme","status":"publish","type":"page","link":"https:\/\/agranitrading.com\/site\/tresemme\/","title":{"rendered":"Tresemme"},"content":{"rendered":"\n<h2 class=\"wp-block-heading\"><strong>Salon-like hair at home<\/strong><\/h2>\n\n\n\n<p>TRESemm\u00e9 is a professional salon brand with over 70 years of experience in crafting products that are on trend and satisfy the needs of consumers who use them. The brand name is a phonetic respelling of \u201cbeloved\u201d (French: tr\u00e8s-aim\u00e9) \u2013 Tr\u00e8s Emm\u00e9. TRESemm\u00e9 was founded by the beauty and salon pioneer Edna, who also founded the National Hairdressers and Cosmetologists Association.<\/p>\n\n\n\n<p>TRESemm\u00e9 was launched in Bangladesh in 2015 with the ambition to help women express themselves confidently. From our origin in salons, TRESemm\u00e9 has been driven by a simple truth: every woman deserves to look and feel fabulous like they have stepped out of the salon.<\/p>\n\n\n\n<p>TRESemm\u00e9 is dedicated to creating hair care and styling products that are salon quality without the salon price and salon-inspired and tested products that help you create your style and experience to get that salon feeling every day. The brand&#8217;s purpose is to own your style and your power.<\/p>\n\n\n\n<p>TRESemm\u00e9 promotes the values of independence, self-reliance, and most importantly, the confidence you need to step up and meet the next challenge. We understand the power of hair to boost your confidence, which is why we believe in empowering modern women everywhere to lead the way.<\/p>\n","protected":false},"excerpt":{"rendered":"<p>Salon-like hair at home TRESemm\u00e9 is a professional salon brand with over 70 years of experience in crafting products that are on trend and satisfy the needs of consumers who use them. The brand name is a phonetic respelling of \u201cbeloved\u201d (French: tr\u00e8s-aim\u00e9) \u2013 Tr\u00e8s Emm\u00e9. TRESemm\u00e9 was founded by the beauty and salon pioneer&hellip;<\/p>\n","protected":false},"author":1,"featured_media":477,"parent":0,"menu_order":0,"comment_status":"closed","ping_status":"closed","template":"","meta":{"footnotes":""},"class_list":["post-476","page","type-page","status-publish","has-post-thumbnail","hentry"],"_links":{"self":[{"href":"https:\/\/agranitrading.com\/site\/wp-json\/wp\/v2\/pages\/476","targetHints":{"allow":["GET"]}}],"collection":[{"href":"https:\/\/agranitrading.com\/site\/wp-json\/wp\/v2\/pages"}],"about":[{"href":"https:\/\/agranitrading.com\/site\/wp-json\/wp\/v2\/types\/page"}],"author":[{"embeddable":true,"href":"https:\/\/agranitrading.com\/site\/wp-json\/wp\/v2\/users\/1"}],"replies":[{"embeddable":true,"href":"https:\/\/agranitrading.com\/site\/wp-json\/wp\/v2\/comments?post=476"}],"version-history":[{"count":1,"href":"https:\/\/agranitrading.com\/site\/wp-json\/wp\/v2\/pages\/476\/revisions"}],"predecessor-version":[{"id":478,"href":"https:\/\/agranitrading.com\/site\/wp-json\/wp\/v2\/pages\/476\/revisions\/478"}],"wp:featuredmedia":[{"embeddable":true,"href":"https:\/\/agranitrading.com\/site\/wp-json\/wp\/v2\/media\/477"}],"wp:attachment":[{"href":"https:\/\/agranitrading.com\/site\/wp-json\/wp\/v2\/media?parent=476"}],"curies":[{"name":"wp","href":"https:\/\/api.w.org\/{rel}","templated":true}]}}